{"id":591,"date":"2020-02-09T16:53:08","date_gmt":"2020-02-09T16:53:08","guid":{"rendered":"https:\/\/biokurland.com\/lv\/?page_id=2"},"modified":"2020-02-19T11:23:08","modified_gmt":"2020-02-19T09:23:08","slug":"about-us","status":"publish","type":"page","link":"https:\/\/biokurland.com\/en\/about-us\/","title":{"rendered":"About us"},"content":{"rendered":"\n<p>Bio Kurland is a family enterprise engaged in biological crop production, and has obtained a respective certificate from competent institution of product certification in accordance with EC regulations already since 2005. Fields of enterprise 240 ha in area are located in Zv\u0101rdes civil parish where 80 % of territory is covered by forests and which is not polluted by production units and highways. It is adjacent to Natura 2000 territory and Nature park &#8220;Zv\u0101rdes me\u017ei&#8221; (&#8220;Zv\u0101rde Forests&#8221;). Biological agriculture is the most right way to our health, our environment and our future. Sustainability of raw materials necessary for processing is especially important for us. Our speciality is growing of buckwheat, caraway and various honey plants. The modern production building for processing of products grown in our fields was built in 2017, when we also have been registered with FVS [Food &amp; Veterinary Service] as biological processing enterprise. It&#8217;s our understanding that quality includes all processes from growing of raw material up to the finished product.<\/p>\n","protected":false},"excerpt":{"rendered":"<p>Bio Kurland is a family enterprise engaged in biological crop production, and has obtained a respective certificate from competent institution of product certification in accordance with EC regulations already since 2005. Fields of enterprise 240 ha in area are located in Zv\u0101rdes civil parish where 80 % of territory is covered by forests and which [&hellip;]<\/p>\n","protected":false},"author":1,"featured_media":0,"parent":0,"menu_order":1,"comment_status":"closed","ping_status":"closed","template":"","meta":{"footnotes":""},"class_list":["post-591","page","type-page","status-publish","czr-hentry"],"_links":{"self":[{"href":"https:\/\/biokurland.com\/en\/wp-json\/wp\/v2\/pages\/591","targetHints":{"allow":["GET"]}}],"collection":[{"href":"https:\/\/biokurland.com\/en\/wp-json\/wp\/v2\/pages"}],"about":[{"href":"https:\/\/biokurland.com\/en\/wp-json\/wp\/v2\/types\/page"}],"author":[{"embeddable":true,"href":"https:\/\/biokurland.com\/en\/wp-json\/wp\/v2\/users\/1"}],"replies":[{"embeddable":true,"href":"https:\/\/biokurland.com\/en\/wp-json\/wp\/v2\/comments?post=591"}],"version-history":[{"count":2,"href":"https:\/\/biokurland.com\/en\/wp-json\/wp\/v2\/pages\/591\/revisions"}],"predecessor-version":[{"id":817,"href":"https:\/\/biokurland.com\/en\/wp-json\/wp\/v2\/pages\/591\/revisions\/817"}],"wp:attachment":[{"href":"https:\/\/biokurland.com\/en\/wp-json\/wp\/v2\/media?parent=591"}],"curies":[{"name":"wp","href":"https:\/\/api.w.org\/{rel}","templated":true}]}}