{"id":185,"date":"2020-02-10T14:16:17","date_gmt":"2020-02-10T14:16:17","guid":{"rendered":"https:\/\/biokurland.com\/lv\/?page_id=185"},"modified":"2020-02-14T19:38:02","modified_gmt":"2020-02-14T19:38:02","slug":"biologiska-lauksaimnieciba","status":"publish","type":"page","link":"https:\/\/biokurland.com\/lv\/biologiska-lauksaimnieciba\/","title":{"rendered":"Biolo\u0123isk\u0101 lauksaimniec\u012bba"},"content":{"rendered":"","protected":false},"excerpt":{"rendered":"","protected":false},"author":1,"featured_media":0,"parent":0,"menu_order":3,"comment_status":"closed","ping_status":"closed","template":"","meta":{"footnotes":""},"class_list":["post-185","page","type-page","status-publish","czr-hentry"],"_links":{"self":[{"href":"https:\/\/biokurland.com\/lv\/wp-json\/wp\/v2\/pages\/185","targetHints":{"allow":["GET"]}}],"collection":[{"href":"https:\/\/biokurland.com\/lv\/wp-json\/wp\/v2\/pages"}],"about":[{"href":"https:\/\/biokurland.com\/lv\/wp-json\/wp\/v2\/types\/page"}],"author":[{"embeddable":true,"href":"https:\/\/biokurland.com\/lv\/wp-json\/wp\/v2\/users\/1"}],"replies":[{"embeddable":true,"href":"https:\/\/biokurland.com\/lv\/wp-json\/wp\/v2\/comments?post=185"}],"version-history":[{"count":1,"href":"https:\/\/biokurland.com\/lv\/wp-json\/wp\/v2\/pages\/185\/revisions"}],"predecessor-version":[{"id":186,"href":"https:\/\/biokurland.com\/lv\/wp-json\/wp\/v2\/pages\/185\/revisions\/186"}],"wp:attachment":[{"href":"https:\/\/biokurland.com\/lv\/wp-json\/wp\/v2\/media?parent=185"}],"curies":[{"name":"wp","href":"https:\/\/api.w.org\/{rel}","templated":true}]}}