{"id":793,"date":"2020-07-08T16:48:24","date_gmt":"2020-07-08T14:48:24","guid":{"rendered":"https:\/\/biokurland.com\/lv\/?page_id=793"},"modified":"2020-07-09T10:31:11","modified_gmt":"2020-07-09T08:31:11","slug":"receptes","status":"publish","type":"page","link":"https:\/\/biokurland.com\/lv\/receptes\/","title":{"rendered":"Receptes"},"content":{"rendered":"\n<p>\u0160aj\u0101 sada\u013c\u0101 atrad\u012bsiet ne vien gar\u0161\u012bgas un viegli pagatavojamas, da\u017e\u0101du \u0113dienu receptes, bet ar\u012b noder\u012bgus padomus gri\u0137u pagatavo\u0161an\u0101, kas apmierin\u0101s pat viscimperl\u012bg\u0101k\u0101s gar\u0161as k\u0101rpi\u0146as, k\u0101 ar\u012b sniegs Jums nelielu ieskatu taj\u0101, cik gar\u0161\u012bgi un daudzveid\u012bgi var pa\u0113st, izmantojot uztur\u0101 gri\u0137us un to produkciju, kas ir \u013coti vesel\u012bga un , kam ir \u013coti pla\u0161s pielietojums. Gri\u0137us un to produktus var izmantot, gan kulin\u0101rij\u0101, gan konditorej\u0101, pagatavojot, k\u0101 s\u0101\u013cos \u0113dienus, t\u0101 ar\u012b da\u017e\u0101dus na\u0161\u0137us, k\u0101 piem\u0113ram k\u0113ksus, sald\u0101s ruletes, pank\u016bkas un pat k\u016bkas!<\/p>\n","protected":false},"excerpt":{"rendered":"<p>\u0160aj\u0101 sada\u013c\u0101 atrad\u012bsiet ne vien gar\u0161\u012bgas un viegli pagatavojamas, da\u017e\u0101du \u0113dienu receptes, bet ar\u012b noder\u012bgus padomus gri\u0137u pagatavo\u0161an\u0101, kas apmierin\u0101s pat viscimperl\u012bg\u0101k\u0101s gar\u0161as k\u0101rpi\u0146as, k\u0101 ar\u012b sniegs Jums nelielu ieskatu taj\u0101, cik gar\u0161\u012bgi un daudzveid\u012bgi var pa\u0113st, izmantojot uztur\u0101 gri\u0137us un to produkciju, kas ir \u013coti vesel\u012bga un , kam ir \u013coti pla\u0161s pielietojums. Gri\u0137us [&hellip;]<\/p>\n","protected":false},"author":1,"featured_media":0,"parent":0,"menu_order":5,"comment_status":"open","ping_status":"closed","template":"","meta":{"footnotes":""},"class_list":["post-793","page","type-page","status-publish","czr-hentry"],"_links":{"self":[{"href":"https:\/\/biokurland.com\/lv\/wp-json\/wp\/v2\/pages\/793","targetHints":{"allow":["GET"]}}],"collection":[{"href":"https:\/\/biokurland.com\/lv\/wp-json\/wp\/v2\/pages"}],"about":[{"href":"https:\/\/biokurland.com\/lv\/wp-json\/wp\/v2\/types\/page"}],"author":[{"embeddable":true,"href":"https:\/\/biokurland.com\/lv\/wp-json\/wp\/v2\/users\/1"}],"replies":[{"embeddable":true,"href":"https:\/\/biokurland.com\/lv\/wp-json\/wp\/v2\/comments?post=793"}],"version-history":[{"count":2,"href":"https:\/\/biokurland.com\/lv\/wp-json\/wp\/v2\/pages\/793\/revisions"}],"predecessor-version":[{"id":829,"href":"https:\/\/biokurland.com\/lv\/wp-json\/wp\/v2\/pages\/793\/revisions\/829"}],"wp:attachment":[{"href":"https:\/\/biokurland.com\/lv\/wp-json\/wp\/v2\/media?parent=793"}],"curies":[{"name":"wp","href":"https:\/\/api.w.org\/{rel}","templated":true}]}}